{"id":1577,"date":"2024-10-08T11:32:37","date_gmt":"2024-10-08T09:32:37","guid":{"rendered":"https:\/\/www.parawie.com\/wp\/?post_type=product&#038;p=1577"},"modified":"2025-06-28T16:20:53","modified_gmt":"2025-06-28T14:20:53","slug":"buch-klasse-b-in-deutsch-und-thai-stand-oktober-2024","status":"publish","type":"product","link":"https:\/\/www.parawie.com\/wp\/produkt\/buch-klasse-b-in-deutsch-und-thai-stand-oktober-2024\/","title":{"rendered":"Buch Klasse B in Deutsch und Thai; Stand Oktober 2024"},"content":{"rendered":"<p>Pr\u00fcfungsb\u00f6gen in Farbe zur Vorbereitung auf die F\u00fchrerscheinpr\u00fcfung in Deutschland mit allen amtlichen Pr\u00fcfungsfragen f\u00fcr die Fahrerlaubnis Klasse B in Deutsch und Thai.<br \/>\nStand: Oktober 2024) <b>(alle \u00c4nderungen zum Pr\u00fcfungsstand Oktober 2024 inklusive der neuen &#8222;Video Fragen&#8220; enthalten) <\/b>Parawie Media bietet Ihnen die Fahrschul-Pr\u00fcfungsb\u00f6gen in Farbe zur Vorbereitung auf die F\u00fchrerscheinpr\u00fcfung in Deutschland mit allen amtlichen Pr\u00fcfungsfragen f\u00fcr die Fahrerlaubnis Klasse B in Deutsch und Thai an. Unser Buch hilft Ihnen auf komfortable Weise bei der Vorbereitung auf die theoretische F\u00fchrerscheinpr\u00fcfung der Klasse B, da Sie neben den deutschen Fragen auch immer die \u00dcbersetzung in thail\u00e4ndischer Sprache sehen.<img loading=\"lazy\" decoding=\"async\" class=\"alignnone size-full wp-image-817\" src=\"https:\/\/www.parawie.com\/wp\/wp-content\/uploads\/2020\/03\/book-042020-example1.jpg\" alt=\"\" width=\"1082\" height=\"381\" \/><\/p>\n<p>Beispiel f\u00fcr die Darstellung von Video Fragen im Buch siehe Abbildung unten.<\/p>\n<p><img loading=\"lazy\" decoding=\"async\" class=\"alignnone size-full wp-image-819\" src=\"https:\/\/www.parawie.com\/wp\/wp-content\/uploads\/2020\/03\/book-042020-video-example2.jpg\" alt=\"\" width=\"1093\" height=\"493\" \/><\/p>\n<p>Zu jedem Fragenblock sind zus\u00e4tzlich die wichtigsten deutschen Worte und deren \u00dcbersetzung in Thai aufgef\u00fchrt. So verbessern Sie bei Ihrer Vorbereitung auf die F\u00fchrerscheinpr\u00fcfung gleichzeitig ihre Deutschkenntnisse. Sie ben\u00f6tigen kein zus\u00e4tzliches W\u00f6rterbuch mehr. Selbst wenn Sie nur Grundkenntnisse der deutschen Sprache haben, k\u00f6nnen Sie mit unserem Handbuch arbeiten. Die richtigen Antworten auf die Fragen sind am Ende des Druckwerkes aufgelistet. Als Quelle f\u00fcr die zu \u00fcbersetzenden Texte verwenden wir die original Fragen, wie sie vom Bundesministerium f\u00fcr Digitales und Verkehr herausgegeben werden. Unsere Produkte enthalten also die gleichen Pr\u00fcfungsfragen, wie sie auch bei der theoretischen Fahrpr\u00fcfung verwandt werden. Bei der Erstellung unserer Produkte werden wir in allen technischen Fragen und in der Qualit\u00e4tssicherung von einem erfahrenem deutschen Ingenieurb\u00fcro unterst\u00fctzt. Die thail\u00e4ndische \u00dcbersetzung wurde von Fachleuten erstellt und gepr\u00fcft. Es wurde hoher Wert auf eine sehr gute thail\u00e4ndische Ausdrucksweise gelegt. Vergleichen Sie unser Produkt mit den Produkten der Konkurrenz und Sie werden sehr leicht selbst feststellen, dass unser Produkt in dieser Kategorie einen vollkommenen neuen Standard setzt an dem sich keines der anderen Produkte zur Zeit messen kann. Wir haben dieses Produkt mit sehr gro\u00dfem Erfolg an Pr\u00fcfungskandidaten thail\u00e4ndischer Herkunft getestet. Die bebilderten Frageb\u00f6gen im Format DIN A4 werden im Ringordner in hochwertiger digitaler Farbdruckqualit\u00e4t geliefert. Lieferumfang 348 Seiten.<\/p>\n<p>Jetzt noch umfangreicher mit allen neuen und ge\u00e4nderten Fragen.<\/p>\n<p><strong>\u00a0<\/strong><strong>Preis: 154,- \u20ac\u00a0<\/strong><\/p>\n","protected":false},"excerpt":{"rendered":"<p>Pr\u00fcfungsb\u00f6gen in Farbe zur Vorbereitung auf die F\u00fchrerscheinpr\u00fcfung in Deutschland mit allen amtlichen Pr\u00fcfungsfragen f\u00fcr die Fahrerlaubnis Klasse B in Deutsch und Thai. Stand: Oktober 2024) (alle \u00c4nderungen zum Pr\u00fcfungsstand Oktober 2024 inklusive der neuen &#8222;Video Fragen&#8220; enthalten) Parawie Media bietet Ihnen die Fahrschul-Pr\u00fcfungsb\u00f6gen in Farbe zur Vorbereitung auf die F\u00fchrerscheinpr\u00fcfung in Deutschland mit allen [&hellip;]<\/p>\n","protected":false},"featured_media":1578,"comment_status":"open","ping_status":"closed","template":"","meta":[],"product_brand":[],"product_cat":[34],"product_tag":[51],"class_list":{"0":"post-1577","1":"product","2":"type-product","3":"status-publish","4":"has-post-thumbnail","6":"product_cat-bucher","7":"product_tag-fuehrerschein-fragen-klasse-b-in-deutsch-und-thai-stand-oktober-2024","9":"first","10":"instock","11":"shipping-taxable","12":"purchasable","13":"product-type-simple"},"_links":{"self":[{"href":"https:\/\/www.parawie.com\/wp\/wp-json\/wp\/v2\/product\/1577","targetHints":{"allow":["GET"]}}],"collection":[{"href":"https:\/\/www.parawie.com\/wp\/wp-json\/wp\/v2\/product"}],"about":[{"href":"https:\/\/www.parawie.com\/wp\/wp-json\/wp\/v2\/types\/product"}],"replies":[{"embeddable":true,"href":"https:\/\/www.parawie.com\/wp\/wp-json\/wp\/v2\/comments?post=1577"}],"wp:featuredmedia":[{"embeddable":true,"href":"https:\/\/www.parawie.com\/wp\/wp-json\/wp\/v2\/media\/1578"}],"wp:attachment":[{"href":"https:\/\/www.parawie.com\/wp\/wp-json\/wp\/v2\/media?parent=1577"}],"wp:term":[{"taxonomy":"product_brand","embeddable":true,"href":"https:\/\/www.parawie.com\/wp\/wp-json\/wp\/v2\/product_brand?post=1577"},{"taxonomy":"product_cat","embeddable":true,"href":"https:\/\/www.parawie.com\/wp\/wp-json\/wp\/v2\/product_cat?post=1577"},{"taxonomy":"product_tag","embeddable":true,"href":"https:\/\/www.parawie.com\/wp\/wp-json\/wp\/v2\/product_tag?post=1577"}],"curies":[{"name":"wp","href":"https:\/\/api.w.org\/{rel}","templated":true}]}}